{"id":13,"date":"2025-01-16T12:07:41","date_gmt":"2025-01-16T12:07:41","guid":{"rendered":"https:\/\/hurtta.fi\/?page_id=13"},"modified":"2025-01-16T12:21:45","modified_gmt":"2025-01-16T12:21:45","slug":"palvelut","status":"publish","type":"page","link":"https:\/\/www.hurtta.fi\/","title":{"rendered":"Palvelut"},"content":{"rendered":"\n<div class=\"wp-block-cover alignfull is-light hestia-clear-top-padding\"><span aria-hidden=\"true\" class=\"wp-block-cover__background has-white-background-color has-background-dim-100 has-background-dim\"><\/span><div class=\"wp-block-cover__inner-container is-layout-flow wp-block-cover-is-layout-flow\">\n<h2 class=\"wp-block-heading has-text-align-center has-text-color\" style=\"color:#3c4858\">Mit\u00e4 teemme?<\/h2>\n\n\n\n<div style=\"height:40px\" aria-hidden=\"true\" class=\"wp-block-spacer\"><\/div>\n\n\n\n<div class=\"wp-block-columns container is-layout-flex wp-container-core-columns-is-layout-28f84493 wp-block-columns-is-layout-flex\">\n<div class=\"wp-block-column is-layout-flow wp-block-column-is-layout-flow\"><div class=\"wp-block-image\">\n<figure class=\"aligncenter size-full\"><img loading=\"lazy\" decoding=\"async\" width=\"1024\" height=\"1024\" src=\"http:\/\/www.hurtta.fi\/wp-content\/uploads\/2025\/01\/DALL\u00b7E-2025-01-12-20.27.25-A-sleek-and-professional-icon-representing-patent-application-drafting-and-management.-The-design-features-a-stylized-document-with-a-legal-stamp-a-g.webp\" alt=\"\" class=\"wp-image-33\" srcset=\"https:\/\/www.hurtta.fi\/wp-content\/uploads\/2025\/01\/DALL\u00b7E-2025-01-12-20.27.25-A-sleek-and-professional-icon-representing-patent-application-drafting-and-management.-The-design-features-a-stylized-document-with-a-legal-stamp-a-g.webp 1024w, https:\/\/www.hurtta.fi\/wp-content\/uploads\/2025\/01\/DALL\u00b7E-2025-01-12-20.27.25-A-sleek-and-professional-icon-representing-patent-application-drafting-and-management.-The-design-features-a-stylized-document-with-a-legal-stamp-a-g-300x300.webp 300w, https:\/\/www.hurtta.fi\/wp-content\/uploads\/2025\/01\/DALL\u00b7E-2025-01-12-20.27.25-A-sleek-and-professional-icon-representing-patent-application-drafting-and-management.-The-design-features-a-stylized-document-with-a-legal-stamp-a-g-150x150.webp 150w, https:\/\/www.hurtta.fi\/wp-content\/uploads\/2025\/01\/DALL\u00b7E-2025-01-12-20.27.25-A-sleek-and-professional-icon-representing-patent-application-drafting-and-management.-The-design-features-a-stylized-document-with-a-legal-stamp-a-g-768x768.webp 768w\" sizes=\"auto, (max-width: 1024px) 100vw, 1024px\" \/><\/figure><\/div>\n\n\n<h5 class=\"wp-block-heading has-text-align-center has-text-color\" style=\"color:#3c4858;font-size:18px\">Patenttihakemusten laadinta<\/h5>\n\n\n\n<p class=\"has-text-align-center\">Patenttihakemus on ensimm\u00e4inen askel keksint\u00f6si suojaamisessa. Laadin puolestasi tarkasti r\u00e4\u00e4t\u00e4l\u00f6idyt ja lains\u00e4\u00e4d\u00e4nn\u00f6n vaatimukset t\u00e4ytt\u00e4v\u00e4t hakemukset, jotka varmistavat keksint\u00f6si suojan sek\u00e4 Suomessa ett\u00e4 kansainv\u00e4lisesti. Huolehdin my\u00f6s patenttien hallinnasta, kuten vuosimaksuista ja voimassaolon yll\u00e4pidosta, jotta voit keskitty\u00e4 kehitt\u00e4m\u00e4\u00e4n liiketoimintaasi.<\/p>\n\n\n\n<p class=\"has-text-align-center has-text-color\" style=\"color:#999999;font-size:14px\"><\/p>\n\n\n\n<div style=\"height:25px\" aria-hidden=\"true\" class=\"wp-block-spacer\"><\/div>\n<\/div>\n\n\n\n<div class=\"wp-block-column is-layout-flow wp-block-column-is-layout-flow\"><div class=\"wp-block-image\">\n<figure class=\"aligncenter size-full\"><img loading=\"lazy\" decoding=\"async\" width=\"1024\" height=\"1024\" src=\"http:\/\/www.hurtta.fi\/wp-content\/uploads\/2025\/01\/Neuvosta-ja-strategia.png\" alt=\"\" class=\"wp-image-34\" srcset=\"https:\/\/www.hurtta.fi\/wp-content\/uploads\/2025\/01\/Neuvosta-ja-strategia.png 1024w, https:\/\/www.hurtta.fi\/wp-content\/uploads\/2025\/01\/Neuvosta-ja-strategia-300x300.png 300w, https:\/\/www.hurtta.fi\/wp-content\/uploads\/2025\/01\/Neuvosta-ja-strategia-150x150.png 150w, https:\/\/www.hurtta.fi\/wp-content\/uploads\/2025\/01\/Neuvosta-ja-strategia-768x768.png 768w\" sizes=\"auto, (max-width: 1024px) 100vw, 1024px\" \/><\/figure><\/div>\n\n\n<h5 class=\"wp-block-heading has-text-align-center has-text-color\" style=\"color:#3c4858;font-size:18px\">Neuvonta ja strategia<\/h5>\n\n\n\n<p class=\"has-text-align-center\">Menestys alkaa oikeasta strategiasta. Autan sinua tunnistamaan, miten keksint\u00f6si ja innovaatiot kannattaa suojata parhaalla mahdollisella tavalla. R\u00e4\u00e4t\u00e4l\u00f6in immateriaalioikeuksien suojaamiseen ja hallintaan liittyv\u00e4t ratkaisut tarpeidesi mukaan, jotta voit saavuttaa kilpailuetua ja varmistaa liiketoimintasi kasvun. Palveluuni kuuluvat my\u00f6s hy\u00f6dyllisyysmallit, tavaramerkit ja PCT-hakemukset<\/p>\n\n\n\n<p class=\"has-text-align-center has-text-color\" style=\"color:#999999;font-size:14px\"><\/p>\n\n\n\n<div style=\"height:25px\" aria-hidden=\"true\" class=\"wp-block-spacer\"><\/div>\n<\/div>\n\n\n\n<div class=\"wp-block-column is-layout-flow wp-block-column-is-layout-flow\"><div class=\"wp-block-image\">\n<figure class=\"aligncenter size-full\"><img loading=\"lazy\" decoding=\"async\" width=\"1024\" height=\"1024\" src=\"http:\/\/www.hurtta.fi\/wp-content\/uploads\/2025\/01\/Oikeuksien-puolustaminen.png\" alt=\"\" class=\"wp-image-35\" srcset=\"https:\/\/www.hurtta.fi\/wp-content\/uploads\/2025\/01\/Oikeuksien-puolustaminen.png 1024w, https:\/\/www.hurtta.fi\/wp-content\/uploads\/2025\/01\/Oikeuksien-puolustaminen-300x300.png 300w, https:\/\/www.hurtta.fi\/wp-content\/uploads\/2025\/01\/Oikeuksien-puolustaminen-150x150.png 150w, https:\/\/www.hurtta.fi\/wp-content\/uploads\/2025\/01\/Oikeuksien-puolustaminen-768x768.png 768w\" sizes=\"auto, (max-width: 1024px) 100vw, 1024px\" \/><\/figure><\/div>\n\n\n<h5 class=\"wp-block-heading has-text-align-center has-text-color\" style=\"color:#3c4858;font-size:18px\">Oikeuksien puolustaminen<\/h5>\n\n\n\n<p class=\"has-text-align-center\">Kun keksint\u00f6si tai muut immateriaalioikeutesi ovat uhattuina, asiantunteva apu on korvaamatonta. Tarjoan tukea ja neuvontaa riita- ja oikeustilanteissa, kuten patenttirikkomuksissa ja vastav\u00e4itteiss\u00e4, varmistan, ett\u00e4 oikeutesi ovat turvattuina ja puolustan niit\u00e4 tehokkaasti, jotta voit jatkaa liiketoimintaasi luottavaisin mielin.<\/p>\n\n\n\n<p class=\"has-text-align-center has-text-color\" style=\"color:#999999;font-size:14px\"><\/p>\n\n\n\n<div style=\"height:25px\" aria-hidden=\"true\" class=\"wp-block-spacer\"><\/div>\n<\/div>\n<\/div>\n\n\n\n<div style=\"height:40px\" aria-hidden=\"true\" class=\"wp-block-spacer\"><\/div>\n<\/div><\/div>\n\n\n\n<div class=\"wp-block-columns container is-layout-flex wp-container-core-columns-is-layout-28f84493 wp-block-columns-is-layout-flex\">\n<div class=\"wp-block-column col-md-5 is-layout-flow wp-block-column-is-layout-flow\">\n<div style=\"height:55px\" aria-hidden=\"true\" class=\"wp-block-spacer\"><\/div>\n\n\n\n<h2 class=\"wp-block-heading\">Patenttiasiamies palveluksessasi &#8211; suojaa ideasi ja turvaa keksint\u00f6si tulevaisuus!<\/h2>\n\n\n\n<p>Koulutukseni ja kokemukseni suomalla kompetenssilla laadin patenttihakemukset ja -sopimukset. Olen ty\u00f6skennellyt alalla pitk\u00e4\u00e4n ja laatimieni hakemusten perusteella on my\u00f6nnetty immateriaalioikeuksia niin Suomessa kuin ulkomaillakin.<\/p>\n\n\n\n<p>Olipa kyse oikeuksien hakemisesta, niiden yll\u00e4pidosta tai puolustamisesta, saat rinnallesi kokeneen asiantuntijan. Huolehdin kaikista immateriaalioikeuksiin liittyvist\u00e4 asioista, jotta sin\u00e4 voit keskitty\u00e4 liiketoimintasi kasvattamiseen.<\/p>\n<\/div>\n\n\n\n<div class=\"wp-block-column col-md-6 col-md-offset1 is-layout-flow wp-block-column-is-layout-flow\">\n<div style=\"height:55px\" aria-hidden=\"true\" class=\"wp-block-spacer\"><\/div>\n\n\n\n<figure class=\"wp-block-image size-full is-resized\"><img loading=\"lazy\" decoding=\"async\" width=\"388\" height=\"572\" src=\"http:\/\/www.hurtta.fi\/wp-content\/uploads\/2025\/01\/tero-nayttokuva.png\" alt=\"\" class=\"wp-image-31\" style=\"width:238px;height:auto\" srcset=\"https:\/\/www.hurtta.fi\/wp-content\/uploads\/2025\/01\/tero-nayttokuva.png 388w, https:\/\/www.hurtta.fi\/wp-content\/uploads\/2025\/01\/tero-nayttokuva-203x300.png 203w\" sizes=\"auto, (max-width: 388px) 100vw, 388px\" \/><\/figure>\n\n\n\n<p>Tero Hurtta, auktorisoitu patenttiasiamies<\/p>\n<\/div>\n<\/div>\n","protected":false},"excerpt":{"rendered":"<p>Patenttiasiamies palveluksessasi &#8211; suojaa ideasi ja turvaa keksint\u00f6si tulevaisuus! Koulutukseni ja kokemukseni suomalla kompetenssilla laadin patenttihakemukset ja -sopimukset. Olen ty\u00f6skennellyt alalla pitk\u00e4\u00e4n ja laatimieni hakemusten perusteella on my\u00f6nnetty immateriaalioikeuksia niin Suomessa kuin ulkomaillakin. Olipa kyse oikeuksien hakemisesta, niiden yll\u00e4pidosta tai puolustamisesta, saat rinnallesi kokeneen asiantuntijan. Huolehdin kaikista immateriaalioikeuksiin liittyvist\u00e4 asioista, [&hellip;]<\/p>\n","protected":false},"author":2,"featured_media":0,"parent":0,"menu_order":0,"comment_status":"closed","ping_status":"closed","template":"","meta":{"footnotes":""},"class_list":["post-13","page","type-page","status-publish","hentry"],"_links":{"self":[{"href":"https:\/\/www.hurtta.fi\/index.php\/wp-json\/wp\/v2\/pages\/13","targetHints":{"allow":["GET"]}}],"collection":[{"href":"https:\/\/www.hurtta.fi\/index.php\/wp-json\/wp\/v2\/pages"}],"about":[{"href":"https:\/\/www.hurtta.fi\/index.php\/wp-json\/wp\/v2\/types\/page"}],"author":[{"embeddable":true,"href":"https:\/\/www.hurtta.fi\/index.php\/wp-json\/wp\/v2\/users\/2"}],"replies":[{"embeddable":true,"href":"https:\/\/www.hurtta.fi\/index.php\/wp-json\/wp\/v2\/comments?post=13"}],"version-history":[{"count":1,"href":"https:\/\/www.hurtta.fi\/index.php\/wp-json\/wp\/v2\/pages\/13\/revisions"}],"predecessor-version":[{"id":36,"href":"https:\/\/www.hurtta.fi\/index.php\/wp-json\/wp\/v2\/pages\/13\/revisions\/36"}],"wp:attachment":[{"href":"https:\/\/www.hurtta.fi\/index.php\/wp-json\/wp\/v2\/media?parent=13"}],"curies":[{"name":"wp","href":"https:\/\/api.w.org\/{rel}","templated":true}]}}